{"id":4331,"date":"2025-07-11T09:48:16","date_gmt":"2025-07-11T07:48:16","guid":{"rendered":"https:\/\/bonidee-hochzeitsmode.ch\/?page_id=4331"},"modified":"2025-08-30T11:21:09","modified_gmt":"2025-08-30T09:21:09","slug":"annais-bridal","status":"publish","type":"page","link":"https:\/\/bonidee-hochzeitsmode.ch\/fr\/annais-bridal\/","title":{"rendered":"Collection Anais Bridal"},"content":{"rendered":"\t\t<div data-elementor-type=\"wp-page\" data-elementor-id=\"4331\" class=\"elementor elementor-4331 elementor-4330\" data-elementor-settings=\"{&quot;element_pack_global_tooltip_width&quot;:{&quot;unit&quot;:&quot;px&quot;,&quot;size&quot;:&quot;&quot;,&quot;sizes&quot;:[]},&quot;element_pack_global_tooltip_width_tablet&quot;:{&quot;unit&quot;:&quot;px&quot;,&quot;size&quot;:&quot;&quot;,&quot;sizes&quot;:[]},&quot;element_pack_global_tooltip_width_mobile&quot;:{&quot;unit&quot;:&quot;px&quot;,&quot;size&quot;:&quot;&quot;,&quot;sizes&quot;:[]},&quot;element_pack_global_tooltip_padding&quot;:{&quot;unit&quot;:&quot;px&quot;,&quot;top&quot;:&quot;&quot;,&quot;right&quot;:&quot;&quot;,&quot;bottom&quot;:&quot;&quot;,&quot;left&quot;:&quot;&quot;,&quot;isLinked&quot;:true},&quot;element_pack_global_tooltip_padding_tablet&quot;:{&quot;unit&quot;:&quot;px&quot;,&quot;top&quot;:&quot;&quot;,&quot;right&quot;:&quot;&quot;,&quot;bottom&quot;:&quot;&quot;,&quot;left&quot;:&quot;&quot;,&quot;isLinked&quot;:true},&quot;element_pack_global_tooltip_padding_mobile&quot;:{&quot;unit&quot;:&quot;px&quot;,&quot;top&quot;:&quot;&quot;,&quot;right&quot;:&quot;&quot;,&quot;bottom&quot;:&quot;&quot;,&quot;left&quot;:&quot;&quot;,&quot;isLinked&quot;:true},&quot;element_pack_global_tooltip_border_radius&quot;:{&quot;unit&quot;:&quot;px&quot;,&quot;top&quot;:&quot;&quot;,&quot;right&quot;:&quot;&quot;,&quot;bottom&quot;:&quot;&quot;,&quot;left&quot;:&quot;&quot;,&quot;isLinked&quot;:true},&quot;element_pack_global_tooltip_border_radius_tablet&quot;:{&quot;unit&quot;:&quot;px&quot;,&quot;top&quot;:&quot;&quot;,&quot;right&quot;:&quot;&quot;,&quot;bottom&quot;:&quot;&quot;,&quot;left&quot;:&quot;&quot;,&quot;isLinked&quot;:true},&quot;element_pack_global_tooltip_border_radius_mobile&quot;:{&quot;unit&quot;:&quot;px&quot;,&quot;top&quot;:&quot;&quot;,&quot;right&quot;:&quot;&quot;,&quot;bottom&quot;:&quot;&quot;,&quot;left&quot;:&quot;&quot;,&quot;isLinked&quot;:true}}\" data-elementor-post-type=\"page\">\n\t\t\t\t<div class=\"elementor-element elementor-element-1a95b78 e-flex e-con-boxed e-con e-parent\" data-id=\"1a95b78\" data-element_type=\"container\" data-e-type=\"container\" id=\"anprobe\">\n\t\t\t\t\t<div class=\"e-con-inner\">\n\t\t<div class=\"elementor-element elementor-element-13446bb e-con-full e-flex e-con e-child\" data-id=\"13446bb\" data-element_type=\"container\" data-e-type=\"container\">\n\t\t\t\t<div class=\"elementor-element elementor-element-acd77d4 elementor-widget elementor-widget-spacer\" data-id=\"acd77d4\" data-element_type=\"widget\" data-e-type=\"widget\" data-widget_type=\"spacer.default\">\n\t\t\t\t<div class=\"elementor-widget-container\">\n\t\t\t\t\t\t\t<div class=\"elementor-spacer\">\n\t\t\t<div class=\"elementor-spacer-inner\"><\/div>\n\t\t<\/div>\n\t\t\t\t\t\t<\/div>\n\t\t\t\t<\/div>\n\t\t\t\t<div class=\"elementor-element elementor-element-d0e0c5e elementor-widget elementor-widget-heading\" data-id=\"d0e0c5e\" data-element_type=\"widget\" data-e-type=\"widget\" data-widget_type=\"heading.default\">\n\t\t\t\t<div class=\"elementor-widget-container\">\n\t\t\t\t\t<p class=\"elementor-heading-title elementor-size-default\">Le jour de vos r\u00eaves dans votre robe de mari\u00e9e inoubliable d'Annais Bridal<\/p>\t\t\t\t<\/div>\n\t\t\t\t<\/div>\n\t\t\t\t<div class=\"elementor-element elementor-element-d0bd036 elementor-widget elementor-widget-heading\" data-id=\"d0bd036\" data-element_type=\"widget\" data-e-type=\"widget\" data-widget_type=\"heading.default\">\n\t\t\t\t<div class=\"elementor-widget-container\">\n\t\t\t\t\t<h2 class=\"elementor-heading-title elementor-size-default\">Collection Annais Bridal<\/h2>\t\t\t\t<\/div>\n\t\t\t\t<\/div>\n\t\t\t\t<div class=\"elementor-element elementor-element-81bdaa5 elementor-widget elementor-widget-text-editor\" data-id=\"81bdaa5\" data-element_type=\"widget\" data-e-type=\"widget\" data-widget_type=\"text-editor.default\">\n\t\t\t\t<div class=\"elementor-widget-container\">\n\t\t\t\t\t\t\t\t\t<p data-start=\"701\" data-end=\"1073\">Annais Bridal est synonyme de robes de mari\u00e9e modernes et romantiques, fabriqu\u00e9es en Pologne avec une grande attention aux d\u00e9tails. Les collections allient des coupes f\u00e9minines, un grand confort et des d\u00e9tails raffin\u00e9s &#8211; pour une entr\u00e9e en sc\u00e8ne styl\u00e9e lors de votre grand jour. Dentelle d\u00e9licate, tissus fluides et designs personnalis\u00e9s font de chaque robe une pi\u00e8ce ma\u00eetresse unique.<\/p>\t\t\t\t\t\t\t\t<\/div>\n\t\t\t\t<\/div>\n\t\t\t\t<div class=\"elementor-element elementor-element-86dba33 elementor-widget elementor-widget-spacer\" data-id=\"86dba33\" data-element_type=\"widget\" data-e-type=\"widget\" data-widget_type=\"spacer.default\">\n\t\t\t\t<div class=\"elementor-widget-container\">\n\t\t\t\t\t\t\t<div class=\"elementor-spacer\">\n\t\t\t<div class=\"elementor-spacer-inner\"><\/div>\n\t\t<\/div>\n\t\t\t\t\t\t<\/div>\n\t\t\t\t<\/div>\n\t\t\t\t<\/div>\n\t\t\t\t\t<\/div>\n\t\t\t\t<\/div>\n\t\t<div class=\"elementor-element elementor-element-2ebf6d8c e-flex e-con-boxed e-con e-parent\" data-id=\"2ebf6d8c\" data-element_type=\"container\" data-e-type=\"container\">\n\t\t\t\t\t<div class=\"e-con-inner\">\n\t\t\t\t<div class=\"elementor-element elementor-element-159c1e50 elementor-widget elementor-widget-gallery\" data-id=\"159c1e50\" data-element_type=\"widget\" data-e-type=\"widget\" data-settings=\"{&quot;gallery_layout&quot;:&quot;masonry&quot;,&quot;columns&quot;:2,&quot;lazyload&quot;:&quot;yes&quot;,&quot;columns_tablet&quot;:2,&quot;columns_mobile&quot;:1,&quot;gap&quot;:{&quot;unit&quot;:&quot;px&quot;,&quot;size&quot;:10,&quot;sizes&quot;:[]},&quot;gap_tablet&quot;:{&quot;unit&quot;:&quot;px&quot;,&quot;size&quot;:10,&quot;sizes&quot;:[]},&quot;gap_mobile&quot;:{&quot;unit&quot;:&quot;px&quot;,&quot;size&quot;:10,&quot;sizes&quot;:[]},&quot;link_to&quot;:&quot;file&quot;,&quot;overlay_background&quot;:&quot;yes&quot;,&quot;content_hover_animation&quot;:&quot;fade-in&quot;}\" data-widget_type=\"gallery.default\">\n\t\t\t\t<div class=\"elementor-widget-container\">\n\t\t\t\t\t\t\t<div class=\"elementor-gallery__container\">\n\t\t\t\t\t\t\t<a class=\"e-gallery-item elementor-gallery-item elementor-animated-content\" href=\"https:\/\/bonidee-hochzeitsmode.ch\/wp-content\/uploads\/2025\/08\/image00005-1-scaled.jpg\" data-elementor-open-lightbox=\"yes\" data-elementor-lightbox-slideshow=\"159c1e50\" data-elementor-lightbox-title=\"Annais Bridal\" data-e-action-hash=\"#elementor-action%3Aaction%3Dlightbox%26settings%3DeyJpZCI6NDQ4MywidXJsIjoiaHR0cHM6XC9cL2JvbmlkZWUtaG9jaHplaXRzbW9kZS5jaFwvd3AtY29udGVudFwvdXBsb2Fkc1wvMjAyNVwvMDhcL2ltYWdlMDAwMDUtMS1zY2FsZWQuanBnIiwic2xpZGVzaG93IjoiMTU5YzFlNTAifQ%3D%3D\">\n\t\t\t\t\t<div class=\"e-gallery-image elementor-gallery-item__image\" data-thumbnail=\"https:\/\/bonidee-hochzeitsmode.ch\/wp-content\/uploads\/2025\/08\/image00005-1-1024x1536.jpg\" data-width=\"1024\" data-height=\"1536\" aria-label=\"Annais Bridal\" role=\"img\" ><\/div>\n\t\t\t\t\t\t\t\t\t\t\t<div class=\"elementor-gallery-item__overlay\"><\/div>\n\t\t\t\t\t\t\t\t\t\t\t\t\t\t<\/a>\n\t\t\t\t\t\t\t<a class=\"e-gallery-item elementor-gallery-item elementor-animated-content\" href=\"https:\/\/bonidee-hochzeitsmode.ch\/wp-content\/uploads\/2025\/08\/image00004-1-scaled.jpg\" data-elementor-open-lightbox=\"yes\" data-elementor-lightbox-slideshow=\"159c1e50\" data-elementor-lightbox-title=\"Annais Bridal\" data-e-action-hash=\"#elementor-action%3Aaction%3Dlightbox%26settings%3DeyJpZCI6NDQ4MSwidXJsIjoiaHR0cHM6XC9cL2JvbmlkZWUtaG9jaHplaXRzbW9kZS5jaFwvd3AtY29udGVudFwvdXBsb2Fkc1wvMjAyNVwvMDhcL2ltYWdlMDAwMDQtMS1zY2FsZWQuanBnIiwic2xpZGVzaG93IjoiMTU5YzFlNTAifQ%3D%3D\">\n\t\t\t\t\t<div class=\"e-gallery-image elementor-gallery-item__image\" data-thumbnail=\"https:\/\/bonidee-hochzeitsmode.ch\/wp-content\/uploads\/2025\/08\/image00004-1-1024x1536.jpg\" data-width=\"1024\" data-height=\"1536\" aria-label=\"Annais Bridal\" role=\"img\" ><\/div>\n\t\t\t\t\t\t\t\t\t\t\t<div class=\"elementor-gallery-item__overlay\"><\/div>\n\t\t\t\t\t\t\t\t\t\t\t\t\t\t<\/a>\n\t\t\t\t\t\t\t<a class=\"e-gallery-item elementor-gallery-item elementor-animated-content\" href=\"https:\/\/bonidee-hochzeitsmode.ch\/wp-content\/uploads\/2025\/08\/image00003-1-scaled.jpg\" data-elementor-open-lightbox=\"yes\" data-elementor-lightbox-slideshow=\"159c1e50\" data-elementor-lightbox-title=\"Annais Bridal\" data-e-action-hash=\"#elementor-action%3Aaction%3Dlightbox%26settings%3DeyJpZCI6NDQ3OSwidXJsIjoiaHR0cHM6XC9cL2JvbmlkZWUtaG9jaHplaXRzbW9kZS5jaFwvd3AtY29udGVudFwvdXBsb2Fkc1wvMjAyNVwvMDhcL2ltYWdlMDAwMDMtMS1zY2FsZWQuanBnIiwic2xpZGVzaG93IjoiMTU5YzFlNTAifQ%3D%3D\">\n\t\t\t\t\t<div class=\"e-gallery-image elementor-gallery-item__image\" data-thumbnail=\"https:\/\/bonidee-hochzeitsmode.ch\/wp-content\/uploads\/2025\/08\/image00003-1-1024x1536.jpg\" data-width=\"1024\" data-height=\"1536\" aria-label=\"Annais Bridal\" role=\"img\" ><\/div>\n\t\t\t\t\t\t\t\t\t\t\t<div class=\"elementor-gallery-item__overlay\"><\/div>\n\t\t\t\t\t\t\t\t\t\t\t\t\t\t<\/a>\n\t\t\t\t\t\t\t<a class=\"e-gallery-item elementor-gallery-item elementor-animated-content\" href=\"https:\/\/bonidee-hochzeitsmode.ch\/wp-content\/uploads\/2025\/08\/image00002-1-scaled.jpg\" data-elementor-open-lightbox=\"yes\" data-elementor-lightbox-slideshow=\"159c1e50\" data-elementor-lightbox-title=\"Annais Bridal\" data-e-action-hash=\"#elementor-action%3Aaction%3Dlightbox%26settings%3DeyJpZCI6NDQ3NywidXJsIjoiaHR0cHM6XC9cL2JvbmlkZWUtaG9jaHplaXRzbW9kZS5jaFwvd3AtY29udGVudFwvdXBsb2Fkc1wvMjAyNVwvMDhcL2ltYWdlMDAwMDItMS1zY2FsZWQuanBnIiwic2xpZGVzaG93IjoiMTU5YzFlNTAifQ%3D%3D\">\n\t\t\t\t\t<div class=\"e-gallery-image elementor-gallery-item__image\" data-thumbnail=\"https:\/\/bonidee-hochzeitsmode.ch\/wp-content\/uploads\/2025\/08\/image00002-1-1024x1536.jpg\" data-width=\"1024\" data-height=\"1536\" aria-label=\"Annais Bridal\" role=\"img\" ><\/div>\n\t\t\t\t\t\t\t\t\t\t\t<div class=\"elementor-gallery-item__overlay\"><\/div>\n\t\t\t\t\t\t\t\t\t\t\t\t\t\t<\/a>\n\t\t\t\t\t\t\t<a class=\"e-gallery-item elementor-gallery-item elementor-animated-content\" href=\"https:\/\/bonidee-hochzeitsmode.ch\/wp-content\/uploads\/2025\/08\/image00006-1-scaled.jpg\" data-elementor-open-lightbox=\"yes\" data-elementor-lightbox-slideshow=\"159c1e50\" data-elementor-lightbox-title=\"Annais Bridal\" data-e-action-hash=\"#elementor-action%3Aaction%3Dlightbox%26settings%3DeyJpZCI6NDQ4NSwidXJsIjoiaHR0cHM6XC9cL2JvbmlkZWUtaG9jaHplaXRzbW9kZS5jaFwvd3AtY29udGVudFwvdXBsb2Fkc1wvMjAyNVwvMDhcL2ltYWdlMDAwMDYtMS1zY2FsZWQuanBnIiwic2xpZGVzaG93IjoiMTU5YzFlNTAifQ%3D%3D\">\n\t\t\t\t\t<div class=\"e-gallery-image elementor-gallery-item__image\" data-thumbnail=\"https:\/\/bonidee-hochzeitsmode.ch\/wp-content\/uploads\/2025\/08\/image00006-1-1024x1536.jpg\" data-width=\"1024\" data-height=\"1536\" aria-label=\"Annais Bridal\" role=\"img\" ><\/div>\n\t\t\t\t\t\t\t\t\t\t\t<div class=\"elementor-gallery-item__overlay\"><\/div>\n\t\t\t\t\t\t\t\t\t\t\t\t\t\t<\/a>\n\t\t\t\t\t\t\t<a class=\"e-gallery-item elementor-gallery-item elementor-animated-content\" href=\"https:\/\/bonidee-hochzeitsmode.ch\/wp-content\/uploads\/2025\/08\/image00001-1-scaled.jpg\" data-elementor-open-lightbox=\"yes\" data-elementor-lightbox-slideshow=\"159c1e50\" data-elementor-lightbox-title=\"Annais Bridal\" data-e-action-hash=\"#elementor-action%3Aaction%3Dlightbox%26settings%3DeyJpZCI6NDQ3NSwidXJsIjoiaHR0cHM6XC9cL2JvbmlkZWUtaG9jaHplaXRzbW9kZS5jaFwvd3AtY29udGVudFwvdXBsb2Fkc1wvMjAyNVwvMDhcL2ltYWdlMDAwMDEtMS1zY2FsZWQuanBnIiwic2xpZGVzaG93IjoiMTU5YzFlNTAifQ%3D%3D\">\n\t\t\t\t\t<div class=\"e-gallery-image elementor-gallery-item__image\" data-thumbnail=\"https:\/\/bonidee-hochzeitsmode.ch\/wp-content\/uploads\/2025\/08\/image00001-1-1024x1536.jpg\" data-width=\"1024\" data-height=\"1536\" aria-label=\"Annais Bridal\" role=\"img\" ><\/div>\n\t\t\t\t\t\t\t\t\t\t\t<div class=\"elementor-gallery-item__overlay\"><\/div>\n\t\t\t\t\t\t\t\t\t\t\t\t\t\t<\/a>\n\t\t\t\t\t\t\t<a class=\"e-gallery-item elementor-gallery-item elementor-animated-content\" href=\"https:\/\/bonidee-hochzeitsmode.ch\/wp-content\/uploads\/2025\/07\/ALESSIA-2-scaled.jpg\" data-elementor-open-lightbox=\"yes\" data-elementor-lightbox-slideshow=\"159c1e50\" data-elementor-lightbox-title=\"Alessia - Annais Bridal\" data-e-action-hash=\"#elementor-action%3Aaction%3Dlightbox%26settings%3DeyJpZCI6NDMzOCwidXJsIjoiaHR0cHM6XC9cL2JvbmlkZWUtaG9jaHplaXRzbW9kZS5jaFwvd3AtY29udGVudFwvdXBsb2Fkc1wvMjAyNVwvMDdcL0FMRVNTSUEtMi1zY2FsZWQuanBnIiwic2xpZGVzaG93IjoiMTU5YzFlNTAifQ%3D%3D\">\n\t\t\t\t\t<div class=\"e-gallery-image elementor-gallery-item__image\" data-thumbnail=\"https:\/\/bonidee-hochzeitsmode.ch\/wp-content\/uploads\/2025\/07\/ALESSIA-2-1024x1536.jpg\" data-width=\"1024\" data-height=\"1536\" aria-label=\"Alessia - Annais Bridal\" role=\"img\" ><\/div>\n\t\t\t\t\t\t\t\t\t\t\t<div class=\"elementor-gallery-item__overlay\"><\/div>\n\t\t\t\t\t\t\t\t\t\t\t\t\t\t<\/a>\n\t\t\t\t\t\t\t<a class=\"e-gallery-item elementor-gallery-item elementor-animated-content\" href=\"https:\/\/bonidee-hochzeitsmode.ch\/wp-content\/uploads\/2025\/07\/ALESSIA_BACK-1-scaled.jpg\" data-elementor-open-lightbox=\"yes\" data-elementor-lightbox-slideshow=\"159c1e50\" data-elementor-lightbox-title=\"Alessia - Annais Bridal\" data-e-action-hash=\"#elementor-action%3Aaction%3Dlightbox%26settings%3DeyJpZCI6NDM0MCwidXJsIjoiaHR0cHM6XC9cL2JvbmlkZWUtaG9jaHplaXRzbW9kZS5jaFwvd3AtY29udGVudFwvdXBsb2Fkc1wvMjAyNVwvMDdcL0FMRVNTSUFfQkFDSy0xLXNjYWxlZC5qcGciLCJzbGlkZXNob3ciOiIxNTljMWU1MCJ9\">\n\t\t\t\t\t<div class=\"e-gallery-image elementor-gallery-item__image\" data-thumbnail=\"https:\/\/bonidee-hochzeitsmode.ch\/wp-content\/uploads\/2025\/07\/ALESSIA_BACK-1-1024x1536.jpg\" data-width=\"1024\" data-height=\"1536\" aria-label=\"Alessia - Annais Bridal\" role=\"img\" ><\/div>\n\t\t\t\t\t\t\t\t\t\t\t<div class=\"elementor-gallery-item__overlay\"><\/div>\n\t\t\t\t\t\t\t\t\t\t\t\t\t\t<\/a>\n\t\t\t\t\t<\/div>\n\t\t\t\t\t<\/div>\n\t\t\t\t<\/div>\n\t\t\t\t<div class=\"elementor-element elementor-element-ea3bf69 elementor-widget elementor-widget-spacer\" data-id=\"ea3bf69\" data-element_type=\"widget\" data-e-type=\"widget\" data-widget_type=\"spacer.default\">\n\t\t\t\t<div class=\"elementor-widget-container\">\n\t\t\t\t\t\t\t<div class=\"elementor-spacer\">\n\t\t\t<div class=\"elementor-spacer-inner\"><\/div>\n\t\t<\/div>\n\t\t\t\t\t\t<\/div>\n\t\t\t\t<\/div>\n\t\t\t\t<div class=\"elementor-element elementor-element-36d84b6 elementor-widget elementor-widget-spacer\" data-id=\"36d84b6\" data-element_type=\"widget\" data-e-type=\"widget\" data-widget_type=\"spacer.default\">\n\t\t\t\t<div class=\"elementor-widget-container\">\n\t\t\t\t\t\t\t<div class=\"elementor-spacer\">\n\t\t\t<div class=\"elementor-spacer-inner\"><\/div>\n\t\t<\/div>\n\t\t\t\t\t\t<\/div>\n\t\t\t\t<\/div>\n\t\t\t\t\t<\/div>\n\t\t\t\t<\/div>\n\t\t<div class=\"elementor-element elementor-element-b776f96 e-flex e-con-boxed e-con e-parent\" data-id=\"b776f96\" data-element_type=\"container\" data-e-type=\"container\">\n\t\t\t\t\t<div class=\"e-con-inner\">\n\t\t<div class=\"elementor-element elementor-element-592b69c e-con-full e-flex e-con e-child\" data-id=\"592b69c\" data-element_type=\"container\" data-e-type=\"container\" data-settings=\"{&quot;background_background&quot;:&quot;classic&quot;}\">\n\t\t\t\t<\/div>\n\t\t\t\t\t<\/div>\n\t\t\t\t<\/div>\n\t\t\t\t<\/div>\n\t\t","protected":false},"excerpt":{"rendered":"<p>Le jour de vos r\u00eaves dans votre robe de mari\u00e9e inoubliable d&rsquo;Annais Bridal Collection Annais Bridal Annais Bridal est synonyme de robes de mari\u00e9e modernes et romantiques, fabriqu\u00e9es en Pologne avec une grande attention aux d\u00e9tails. Les collections allient des coupes f\u00e9minines, un grand confort et des d\u00e9tails raffin\u00e9s &#8211; pour une entr\u00e9e en sc\u00e8ne [&hellip;]<\/p>\n","protected":false},"author":3,"featured_media":0,"parent":0,"menu_order":0,"comment_status":"closed","ping_status":"closed","template":"","meta":{"footnotes":""},"class_list":["post-4331","page","type-page","status-publish","hentry"],"yoast_head":"<!-- This site is optimized with the Yoast SEO plugin v27.0 - https:\/\/yoast.com\/product\/yoast-seo-wordpress\/ -->\n<title>Robes de mari\u00e9e d&#039;Anais Bridal chez Bonidee Wedding Mode<\/title>\n<meta name=\"description\" content=\"Des robes de mari\u00e9e \u00e0 couper le souffle de Annais Bridal | Organisez votre essayage et d\u00e9couvrez des designs romantiques de Pologne chez Bonidee.\" \/>\n<meta name=\"robots\" content=\"index, follow, max-snippet:-1, max-image-preview:large, max-video-preview:-1\" \/>\n<link rel=\"canonical\" href=\"https:\/\/bonidee-hochzeitsmode.ch\/annais-bridal\/\" \/>\n<meta property=\"og:locale\" content=\"fr_FR\" \/>\n<meta property=\"og:type\" content=\"article\" \/>\n<meta property=\"og:title\" content=\"Robes de mari\u00e9e d&#039;Anais Bridal chez Bonidee Wedding Mode\" \/>\n<meta property=\"og:description\" content=\"Des robes de mari\u00e9e \u00e0 couper le souffle de Annais Bridal | Organisez votre essayage et d\u00e9couvrez des designs romantiques de Pologne chez Bonidee.\" \/>\n<meta property=\"og:url\" content=\"https:\/\/bonidee-hochzeitsmode.ch\/annais-bridal\/\" \/>\n<meta property=\"og:site_name\" content=\"Bonidee Hochzeitsmode\" \/>\n<meta property=\"article:modified_time\" content=\"2025-08-30T09:21:09+00:00\" \/>\n<meta name=\"twitter:card\" content=\"summary_large_image\" \/>\n<meta name=\"twitter:label1\" content=\"Dur\u00e9e de lecture estim\u00e9e\" \/>\n\t<meta name=\"twitter:data1\" content=\"1 minute\" \/>\n<script type=\"application\/ld+json\" class=\"yoast-schema-graph\">{\"@context\":\"https:\/\/schema.org\",\"@graph\":[{\"@type\":\"WebPage\",\"@id\":\"https:\/\/bonidee-hochzeitsmode.ch\/annais-bridal\/\",\"url\":\"https:\/\/bonidee-hochzeitsmode.ch\/annais-bridal\/\",\"name\":\"Robes de mari\u00e9e d'Anais Bridal chez Bonidee Wedding Mode\",\"isPartOf\":{\"@id\":\"https:\/\/bonidee-hochzeitsmode.ch\/#website\"},\"datePublished\":\"2025-07-11T07:48:16+00:00\",\"dateModified\":\"2025-08-30T09:21:09+00:00\",\"description\":\"Des robes de mari\u00e9e \u00e0 couper le souffle de Annais Bridal | Organisez votre essayage et d\u00e9couvrez des designs romantiques de Pologne chez Bonidee.\",\"breadcrumb\":{\"@id\":\"https:\/\/bonidee-hochzeitsmode.ch\/annais-bridal\/#breadcrumb\"},\"inLanguage\":\"fr-FR\",\"potentialAction\":[{\"@type\":\"ReadAction\",\"target\":[\"https:\/\/bonidee-hochzeitsmode.ch\/annais-bridal\/\"]}]},{\"@type\":\"BreadcrumbList\",\"@id\":\"https:\/\/bonidee-hochzeitsmode.ch\/annais-bridal\/#breadcrumb\",\"itemListElement\":[{\"@type\":\"ListItem\",\"position\":1,\"name\":\"Home\",\"item\":\"https:\/\/bonidee-hochzeitsmode.ch\/\"},{\"@type\":\"ListItem\",\"position\":2,\"name\":\"Collection Anais Bridal\"}]},{\"@type\":\"WebSite\",\"@id\":\"https:\/\/bonidee-hochzeitsmode.ch\/#website\",\"url\":\"https:\/\/bonidee-hochzeitsmode.ch\/\",\"name\":\"Bonidee Hochzeitsmode\",\"description\":\"Sch\u00f6ne Brautkleider f\u00fcr deinen perfekten Tag\",\"potentialAction\":[{\"@type\":\"SearchAction\",\"target\":{\"@type\":\"EntryPoint\",\"urlTemplate\":\"https:\/\/bonidee-hochzeitsmode.ch\/?s={search_term_string}\"},\"query-input\":{\"@type\":\"PropertyValueSpecification\",\"valueRequired\":true,\"valueName\":\"search_term_string\"}}],\"inLanguage\":\"fr-FR\"}]}<\/script>\n<!-- \/ Yoast SEO plugin. -->","yoast_head_json":{"title":"Robes de mari\u00e9e d'Anais Bridal chez Bonidee Wedding Mode","description":"Des robes de mari\u00e9e \u00e0 couper le souffle de Annais Bridal | Organisez votre essayage et d\u00e9couvrez des designs romantiques de Pologne chez Bonidee.","robots":{"index":"index","follow":"follow","max-snippet":"max-snippet:-1","max-image-preview":"max-image-preview:large","max-video-preview":"max-video-preview:-1"},"canonical":"https:\/\/bonidee-hochzeitsmode.ch\/annais-bridal\/","og_locale":"fr_FR","og_type":"article","og_title":"Robes de mari\u00e9e d'Anais Bridal chez Bonidee Wedding Mode","og_description":"Des robes de mari\u00e9e \u00e0 couper le souffle de Annais Bridal | Organisez votre essayage et d\u00e9couvrez des designs romantiques de Pologne chez Bonidee.","og_url":"https:\/\/bonidee-hochzeitsmode.ch\/annais-bridal\/","og_site_name":"Bonidee Hochzeitsmode","article_modified_time":"2025-08-30T09:21:09+00:00","twitter_card":"summary_large_image","twitter_misc":{"Dur\u00e9e de lecture estim\u00e9e":"1 minute"},"schema":{"@context":"https:\/\/schema.org","@graph":[{"@type":"WebPage","@id":"https:\/\/bonidee-hochzeitsmode.ch\/annais-bridal\/","url":"https:\/\/bonidee-hochzeitsmode.ch\/annais-bridal\/","name":"Robes de mari\u00e9e d'Anais Bridal chez Bonidee Wedding Mode","isPartOf":{"@id":"https:\/\/bonidee-hochzeitsmode.ch\/#website"},"datePublished":"2025-07-11T07:48:16+00:00","dateModified":"2025-08-30T09:21:09+00:00","description":"Des robes de mari\u00e9e \u00e0 couper le souffle de Annais Bridal | Organisez votre essayage et d\u00e9couvrez des designs romantiques de Pologne chez Bonidee.","breadcrumb":{"@id":"https:\/\/bonidee-hochzeitsmode.ch\/annais-bridal\/#breadcrumb"},"inLanguage":"fr-FR","potentialAction":[{"@type":"ReadAction","target":["https:\/\/bonidee-hochzeitsmode.ch\/annais-bridal\/"]}]},{"@type":"BreadcrumbList","@id":"https:\/\/bonidee-hochzeitsmode.ch\/annais-bridal\/#breadcrumb","itemListElement":[{"@type":"ListItem","position":1,"name":"Home","item":"https:\/\/bonidee-hochzeitsmode.ch\/"},{"@type":"ListItem","position":2,"name":"Collection Anais Bridal"}]},{"@type":"WebSite","@id":"https:\/\/bonidee-hochzeitsmode.ch\/#website","url":"https:\/\/bonidee-hochzeitsmode.ch\/","name":"Bonidee Hochzeitsmode","description":"Sch\u00f6ne Brautkleider f\u00fcr deinen perfekten Tag","potentialAction":[{"@type":"SearchAction","target":{"@type":"EntryPoint","urlTemplate":"https:\/\/bonidee-hochzeitsmode.ch\/?s={search_term_string}"},"query-input":{"@type":"PropertyValueSpecification","valueRequired":true,"valueName":"search_term_string"}}],"inLanguage":"fr-FR"}]}},"_links":{"self":[{"href":"https:\/\/bonidee-hochzeitsmode.ch\/fr\/wp-json\/wp\/v2\/pages\/4331","targetHints":{"allow":["GET"]}}],"collection":[{"href":"https:\/\/bonidee-hochzeitsmode.ch\/fr\/wp-json\/wp\/v2\/pages"}],"about":[{"href":"https:\/\/bonidee-hochzeitsmode.ch\/fr\/wp-json\/wp\/v2\/types\/page"}],"author":[{"embeddable":true,"href":"https:\/\/bonidee-hochzeitsmode.ch\/fr\/wp-json\/wp\/v2\/users\/3"}],"replies":[{"embeddable":true,"href":"https:\/\/bonidee-hochzeitsmode.ch\/fr\/wp-json\/wp\/v2\/comments?post=4331"}],"version-history":[{"count":5,"href":"https:\/\/bonidee-hochzeitsmode.ch\/fr\/wp-json\/wp\/v2\/pages\/4331\/revisions"}],"predecessor-version":[{"id":4563,"href":"https:\/\/bonidee-hochzeitsmode.ch\/fr\/wp-json\/wp\/v2\/pages\/4331\/revisions\/4563"}],"wp:attachment":[{"href":"https:\/\/bonidee-hochzeitsmode.ch\/fr\/wp-json\/wp\/v2\/media?parent=4331"}],"curies":[{"name":"wp","href":"https:\/\/api.w.org\/{rel}","templated":true}]}}