{"id":3746,"date":"2025-03-01T17:32:53","date_gmt":"2025-03-01T16:32:53","guid":{"rendered":"https:\/\/bonidee-hochzeitsmode.ch\/kollektion-sa\/"},"modified":"2025-08-30T10:45:49","modified_gmt":"2025-08-30T08:45:49","slug":"collection-sabe","status":"publish","type":"page","link":"https:\/\/bonidee-hochzeitsmode.ch\/fr\/collection-sabe\/","title":{"rendered":"Collection Sab\u00e8"},"content":{"rendered":"\t\t<div data-elementor-type=\"wp-page\" data-elementor-id=\"3746\" class=\"elementor elementor-3746 elementor-3712\" data-elementor-settings=\"{&quot;element_pack_global_tooltip_width&quot;:{&quot;unit&quot;:&quot;px&quot;,&quot;size&quot;:&quot;&quot;,&quot;sizes&quot;:[]},&quot;element_pack_global_tooltip_width_tablet&quot;:{&quot;unit&quot;:&quot;px&quot;,&quot;size&quot;:&quot;&quot;,&quot;sizes&quot;:[]},&quot;element_pack_global_tooltip_width_mobile&quot;:{&quot;unit&quot;:&quot;px&quot;,&quot;size&quot;:&quot;&quot;,&quot;sizes&quot;:[]},&quot;element_pack_global_tooltip_padding&quot;:{&quot;unit&quot;:&quot;px&quot;,&quot;top&quot;:&quot;&quot;,&quot;right&quot;:&quot;&quot;,&quot;bottom&quot;:&quot;&quot;,&quot;left&quot;:&quot;&quot;,&quot;isLinked&quot;:true},&quot;element_pack_global_tooltip_padding_tablet&quot;:{&quot;unit&quot;:&quot;px&quot;,&quot;top&quot;:&quot;&quot;,&quot;right&quot;:&quot;&quot;,&quot;bottom&quot;:&quot;&quot;,&quot;left&quot;:&quot;&quot;,&quot;isLinked&quot;:true},&quot;element_pack_global_tooltip_padding_mobile&quot;:{&quot;unit&quot;:&quot;px&quot;,&quot;top&quot;:&quot;&quot;,&quot;right&quot;:&quot;&quot;,&quot;bottom&quot;:&quot;&quot;,&quot;left&quot;:&quot;&quot;,&quot;isLinked&quot;:true},&quot;element_pack_global_tooltip_border_radius&quot;:{&quot;unit&quot;:&quot;px&quot;,&quot;top&quot;:&quot;&quot;,&quot;right&quot;:&quot;&quot;,&quot;bottom&quot;:&quot;&quot;,&quot;left&quot;:&quot;&quot;,&quot;isLinked&quot;:true},&quot;element_pack_global_tooltip_border_radius_tablet&quot;:{&quot;unit&quot;:&quot;px&quot;,&quot;top&quot;:&quot;&quot;,&quot;right&quot;:&quot;&quot;,&quot;bottom&quot;:&quot;&quot;,&quot;left&quot;:&quot;&quot;,&quot;isLinked&quot;:true},&quot;element_pack_global_tooltip_border_radius_mobile&quot;:{&quot;unit&quot;:&quot;px&quot;,&quot;top&quot;:&quot;&quot;,&quot;right&quot;:&quot;&quot;,&quot;bottom&quot;:&quot;&quot;,&quot;left&quot;:&quot;&quot;,&quot;isLinked&quot;:true}}\" data-elementor-post-type=\"page\">\n\t\t\t\t<div class=\"elementor-element elementor-element-3947b3b5 e-flex e-con-boxed e-con e-parent\" data-id=\"3947b3b5\" data-element_type=\"container\" data-e-type=\"container\" id=\"anprobe\">\n\t\t\t\t\t<div class=\"e-con-inner\">\n\t\t<div class=\"elementor-element elementor-element-a71a100 e-con-full e-flex e-con e-child\" data-id=\"a71a100\" data-element_type=\"container\" data-e-type=\"container\">\n\t\t\t\t<div class=\"elementor-element elementor-element-65e7368b elementor-widget elementor-widget-spacer\" data-id=\"65e7368b\" data-element_type=\"widget\" data-e-type=\"widget\" data-widget_type=\"spacer.default\">\n\t\t\t\t<div class=\"elementor-widget-container\">\n\t\t\t\t\t\t\t<div class=\"elementor-spacer\">\n\t\t\t<div class=\"elementor-spacer-inner\"><\/div>\n\t\t<\/div>\n\t\t\t\t\t\t<\/div>\n\t\t\t\t<\/div>\n\t\t\t\t<div class=\"elementor-element elementor-element-5c71d539 elementor-widget elementor-widget-heading\" data-id=\"5c71d539\" data-element_type=\"widget\" data-e-type=\"widget\" data-widget_type=\"heading.default\">\n\t\t\t\t<div class=\"elementor-widget-container\">\n\t\t\t\t\t<p class=\"elementor-heading-title elementor-size-default\">Ton jour de r\u00eave dans ta robe de mari\u00e9e inoubliable de Sab\u00e8<\/p>\t\t\t\t<\/div>\n\t\t\t\t<\/div>\n\t\t\t\t<div class=\"elementor-element elementor-element-67d71952 elementor-widget elementor-widget-heading\" data-id=\"67d71952\" data-element_type=\"widget\" data-e-type=\"widget\" data-widget_type=\"heading.default\">\n\t\t\t\t<div class=\"elementor-widget-container\">\n\t\t\t\t\t<h2 class=\"elementor-heading-title elementor-size-default\">Collection Sab\u00e8<\/h2>\t\t\t\t<\/div>\n\t\t\t\t<\/div>\n\t\t\t\t<div class=\"elementor-element elementor-element-6015a590 elementor-widget elementor-widget-text-editor\" data-id=\"6015a590\" data-element_type=\"widget\" data-e-type=\"widget\" data-widget_type=\"text-editor.default\">\n\t\t\t\t<div class=\"elementor-widget-container\">\n\t\t\t\t\t\t\t\t\t<p class=\"p1\">Sab\u00e8 est une marque de robes de mari\u00e9e polonaise qui incarne l&rsquo;\u00e9l\u00e9gance et la f\u00e9minit\u00e9. Chaque cr\u00e9ation est le fruit d&rsquo;un savoir-faire familial, combinant des tissus de haute qualit\u00e9 avec une attention minutieuse aux d\u00e9tails. Les robes Sab\u00e8 se distinguent par leurs lignes \u00e9pur\u00e9es et leurs touches romantiques, offrant aux mari\u00e9es une allure \u00e0 la fois moderne et intemporelle. La philosophie de la marque est de cr\u00e9er des robes qui procurent aux mari\u00e9es un sentiment unique, en mettant l&rsquo;accent sur la qualit\u00e9 et le respect de l&rsquo;\u00e9quilibre avec la nature et les personnes.   <\/p>\n\t\t\t\t\t\t\t\t<\/div>\n\t\t\t\t<\/div>\n\t\t\t\t<div class=\"elementor-element elementor-element-1494b665 elementor-widget elementor-widget-spacer\" data-id=\"1494b665\" data-element_type=\"widget\" data-e-type=\"widget\" data-widget_type=\"spacer.default\">\n\t\t\t\t<div class=\"elementor-widget-container\">\n\t\t\t\t\t\t\t<div class=\"elementor-spacer\">\n\t\t\t<div class=\"elementor-spacer-inner\"><\/div>\n\t\t<\/div>\n\t\t\t\t\t\t<\/div>\n\t\t\t\t<\/div>\n\t\t\t\t<\/div>\n\t\t\t\t\t<\/div>\n\t\t\t\t<\/div>\n\t\t<div class=\"elementor-element elementor-element-7f2b0d7a e-flex e-con-boxed e-con e-parent\" data-id=\"7f2b0d7a\" data-element_type=\"container\" data-e-type=\"container\">\n\t\t\t\t\t<div class=\"e-con-inner\">\n\t\t\t\t<div class=\"elementor-element elementor-element-27291dd8 elementor-widget elementor-widget-gallery\" data-id=\"27291dd8\" data-element_type=\"widget\" data-e-type=\"widget\" data-settings=\"{&quot;gallery_layout&quot;:&quot;masonry&quot;,&quot;columns&quot;:2,&quot;lazyload&quot;:&quot;yes&quot;,&quot;columns_tablet&quot;:2,&quot;columns_mobile&quot;:1,&quot;gap&quot;:{&quot;unit&quot;:&quot;px&quot;,&quot;size&quot;:10,&quot;sizes&quot;:[]},&quot;gap_tablet&quot;:{&quot;unit&quot;:&quot;px&quot;,&quot;size&quot;:10,&quot;sizes&quot;:[]},&quot;gap_mobile&quot;:{&quot;unit&quot;:&quot;px&quot;,&quot;size&quot;:10,&quot;sizes&quot;:[]},&quot;link_to&quot;:&quot;file&quot;,&quot;overlay_background&quot;:&quot;yes&quot;,&quot;content_hover_animation&quot;:&quot;fade-in&quot;}\" data-widget_type=\"gallery.default\">\n\t\t\t\t<div class=\"elementor-widget-container\">\n\t\t\t\t\t\t\t<div class=\"elementor-gallery__container\">\n\t\t\t\t\t\t\t<a class=\"e-gallery-item elementor-gallery-item elementor-animated-content\" href=\"https:\/\/bonidee-hochzeitsmode.ch\/wp-content\/uploads\/2025\/08\/image00001-min-scaled.jpg\" data-elementor-open-lightbox=\"yes\" data-elementor-lightbox-slideshow=\"27291dd8\" data-elementor-lightbox-title=\"Sab\u00e8\" data-e-action-hash=\"#elementor-action%3Aaction%3Dlightbox%26settings%3DeyJpZCI6NDUwMiwidXJsIjoiaHR0cHM6XC9cL2JvbmlkZWUtaG9jaHplaXRzbW9kZS5jaFwvd3AtY29udGVudFwvdXBsb2Fkc1wvMjAyNVwvMDhcL2ltYWdlMDAwMDEtbWluLXNjYWxlZC5qcGciLCJzbGlkZXNob3ciOiIyNzI5MWRkOCJ9\">\n\t\t\t\t\t<div class=\"e-gallery-image elementor-gallery-item__image\" data-thumbnail=\"https:\/\/bonidee-hochzeitsmode.ch\/wp-content\/uploads\/2025\/08\/image00001-min-1024x1536.jpg\" data-width=\"1024\" data-height=\"1536\" aria-label=\"Sab\u00e8\" role=\"img\" ><\/div>\n\t\t\t\t\t\t\t\t\t\t\t<div class=\"elementor-gallery-item__overlay\"><\/div>\n\t\t\t\t\t\t\t\t\t\t\t\t\t\t<\/a>\n\t\t\t\t\t\t\t<a class=\"e-gallery-item elementor-gallery-item elementor-animated-content\" href=\"https:\/\/bonidee-hochzeitsmode.ch\/wp-content\/uploads\/2025\/08\/image00004-min-scaled.jpg\" data-elementor-open-lightbox=\"yes\" data-elementor-lightbox-slideshow=\"27291dd8\" data-elementor-lightbox-title=\"Sab\u00e8\" data-e-action-hash=\"#elementor-action%3Aaction%3Dlightbox%26settings%3DeyJpZCI6NDUwNCwidXJsIjoiaHR0cHM6XC9cL2JvbmlkZWUtaG9jaHplaXRzbW9kZS5jaFwvd3AtY29udGVudFwvdXBsb2Fkc1wvMjAyNVwvMDhcL2ltYWdlMDAwMDQtbWluLXNjYWxlZC5qcGciLCJzbGlkZXNob3ciOiIyNzI5MWRkOCJ9\">\n\t\t\t\t\t<div class=\"e-gallery-image elementor-gallery-item__image\" data-thumbnail=\"https:\/\/bonidee-hochzeitsmode.ch\/wp-content\/uploads\/2025\/08\/image00004-min-1024x1536.jpg\" data-width=\"1024\" data-height=\"1536\" aria-label=\"Sab\u00e8\" role=\"img\" ><\/div>\n\t\t\t\t\t\t\t\t\t\t\t<div class=\"elementor-gallery-item__overlay\"><\/div>\n\t\t\t\t\t\t\t\t\t\t\t\t\t\t<\/a>\n\t\t\t\t\t\t\t<a class=\"e-gallery-item elementor-gallery-item elementor-animated-content\" href=\"https:\/\/bonidee-hochzeitsmode.ch\/wp-content\/uploads\/2025\/08\/image00005-min-scaled.jpg\" data-elementor-open-lightbox=\"yes\" data-elementor-lightbox-slideshow=\"27291dd8\" data-elementor-lightbox-title=\"Sab\u00e8\" data-e-action-hash=\"#elementor-action%3Aaction%3Dlightbox%26settings%3DeyJpZCI6NDUwNiwidXJsIjoiaHR0cHM6XC9cL2JvbmlkZWUtaG9jaHplaXRzbW9kZS5jaFwvd3AtY29udGVudFwvdXBsb2Fkc1wvMjAyNVwvMDhcL2ltYWdlMDAwMDUtbWluLXNjYWxlZC5qcGciLCJzbGlkZXNob3ciOiIyNzI5MWRkOCJ9\">\n\t\t\t\t\t<div class=\"e-gallery-image elementor-gallery-item__image\" data-thumbnail=\"https:\/\/bonidee-hochzeitsmode.ch\/wp-content\/uploads\/2025\/08\/image00005-min-1024x1536.jpg\" data-width=\"1024\" data-height=\"1536\" aria-label=\"Sab\u00e8\" role=\"img\" ><\/div>\n\t\t\t\t\t\t\t\t\t\t\t<div class=\"elementor-gallery-item__overlay\"><\/div>\n\t\t\t\t\t\t\t\t\t\t\t\t\t\t<\/a>\n\t\t\t\t\t\t\t<a class=\"e-gallery-item elementor-gallery-item elementor-animated-content\" href=\"https:\/\/bonidee-hochzeitsmode.ch\/wp-content\/uploads\/2025\/08\/image00006-min-scaled.jpg\" data-elementor-open-lightbox=\"yes\" data-elementor-lightbox-slideshow=\"27291dd8\" data-elementor-lightbox-title=\"Sab\u00e8\" data-e-action-hash=\"#elementor-action%3Aaction%3Dlightbox%26settings%3DeyJpZCI6NDUwOCwidXJsIjoiaHR0cHM6XC9cL2JvbmlkZWUtaG9jaHplaXRzbW9kZS5jaFwvd3AtY29udGVudFwvdXBsb2Fkc1wvMjAyNVwvMDhcL2ltYWdlMDAwMDYtbWluLXNjYWxlZC5qcGciLCJzbGlkZXNob3ciOiIyNzI5MWRkOCJ9\">\n\t\t\t\t\t<div class=\"e-gallery-image elementor-gallery-item__image\" data-thumbnail=\"https:\/\/bonidee-hochzeitsmode.ch\/wp-content\/uploads\/2025\/08\/image00006-min-1024x1536.jpg\" data-width=\"1024\" data-height=\"1536\" aria-label=\"Sab\u00e8\" role=\"img\" ><\/div>\n\t\t\t\t\t\t\t\t\t\t\t<div class=\"elementor-gallery-item__overlay\"><\/div>\n\t\t\t\t\t\t\t\t\t\t\t\t\t\t<\/a>\n\t\t\t\t\t\t\t<a class=\"e-gallery-item elementor-gallery-item elementor-animated-content\" href=\"https:\/\/bonidee-hochzeitsmode.ch\/wp-content\/uploads\/2025\/03\/image00216.jpeg\" data-elementor-open-lightbox=\"yes\" data-elementor-lightbox-slideshow=\"27291dd8\" data-elementor-lightbox-title=\"Sab\u00e8 - Aven\" data-elementor-lightbox-description=\"Sab\u00e8 - Aven\" data-e-action-hash=\"#elementor-action%3Aaction%3Dlightbox%26settings%3DeyJpZCI6MzcyNiwidXJsIjoiaHR0cHM6XC9cL2JvbmlkZWUtaG9jaHplaXRzbW9kZS5jaFwvd3AtY29udGVudFwvdXBsb2Fkc1wvMjAyNVwvMDNcL2ltYWdlMDAyMTYuanBlZyIsInNsaWRlc2hvdyI6IjI3MjkxZGQ4In0%3D\">\n\t\t\t\t\t<div class=\"e-gallery-image elementor-gallery-item__image\" data-thumbnail=\"https:\/\/bonidee-hochzeitsmode.ch\/wp-content\/uploads\/2025\/03\/image00216.jpeg\" data-width=\"1000\" data-height=\"1400\" aria-label=\"Sab\u00e8 - Aven\" role=\"img\" ><\/div>\n\t\t\t\t\t\t\t\t\t\t\t<div class=\"elementor-gallery-item__overlay\"><\/div>\n\t\t\t\t\t\t\t\t\t\t\t\t\t\t<\/a>\n\t\t\t\t\t\t\t<a class=\"e-gallery-item elementor-gallery-item elementor-animated-content\" href=\"https:\/\/bonidee-hochzeitsmode.ch\/wp-content\/uploads\/2025\/03\/image00215.jpeg\" data-elementor-open-lightbox=\"yes\" data-elementor-lightbox-slideshow=\"27291dd8\" data-elementor-lightbox-title=\"Sab\u00e8 - Aven\" data-e-action-hash=\"#elementor-action%3Aaction%3Dlightbox%26settings%3DeyJpZCI6MzcyNCwidXJsIjoiaHR0cHM6XC9cL2JvbmlkZWUtaG9jaHplaXRzbW9kZS5jaFwvd3AtY29udGVudFwvdXBsb2Fkc1wvMjAyNVwvMDNcL2ltYWdlMDAyMTUuanBlZyIsInNsaWRlc2hvdyI6IjI3MjkxZGQ4In0%3D\">\n\t\t\t\t\t<div class=\"e-gallery-image elementor-gallery-item__image\" data-thumbnail=\"https:\/\/bonidee-hochzeitsmode.ch\/wp-content\/uploads\/2025\/03\/image00215.jpeg\" data-width=\"1000\" data-height=\"1400\" aria-label=\"Sab\u00e8 - Aven\" role=\"img\" ><\/div>\n\t\t\t\t\t\t\t\t\t\t\t<div class=\"elementor-gallery-item__overlay\"><\/div>\n\t\t\t\t\t\t\t\t\t\t\t\t\t\t<\/a>\n\t\t\t\t\t\t\t<a class=\"e-gallery-item elementor-gallery-item elementor-animated-content\" href=\"https:\/\/bonidee-hochzeitsmode.ch\/wp-content\/uploads\/2025\/03\/image00212.jpeg\" data-elementor-open-lightbox=\"yes\" data-elementor-lightbox-slideshow=\"27291dd8\" data-elementor-lightbox-title=\"Sab\u00e8 - Corfu\" data-e-action-hash=\"#elementor-action%3Aaction%3Dlightbox%26settings%3DeyJpZCI6MzcxOCwidXJsIjoiaHR0cHM6XC9cL2JvbmlkZWUtaG9jaHplaXRzbW9kZS5jaFwvd3AtY29udGVudFwvdXBsb2Fkc1wvMjAyNVwvMDNcL2ltYWdlMDAyMTIuanBlZyIsInNsaWRlc2hvdyI6IjI3MjkxZGQ4In0%3D\">\n\t\t\t\t\t<div class=\"e-gallery-image elementor-gallery-item__image\" data-thumbnail=\"https:\/\/bonidee-hochzeitsmode.ch\/wp-content\/uploads\/2025\/03\/image00212-1090x1536.jpeg\" data-width=\"1090\" data-height=\"1536\" aria-label=\"Sab\u00e8 - Corfu\" role=\"img\" ><\/div>\n\t\t\t\t\t\t\t\t\t\t\t<div class=\"elementor-gallery-item__overlay\"><\/div>\n\t\t\t\t\t\t\t\t\t\t\t\t\t\t<\/a>\n\t\t\t\t\t\t\t<a class=\"e-gallery-item elementor-gallery-item elementor-animated-content\" href=\"https:\/\/bonidee-hochzeitsmode.ch\/wp-content\/uploads\/2025\/03\/image00211.jpeg\" data-elementor-open-lightbox=\"yes\" data-elementor-lightbox-slideshow=\"27291dd8\" data-elementor-lightbox-title=\"Sab\u00e8 - Corfu\" data-e-action-hash=\"#elementor-action%3Aaction%3Dlightbox%26settings%3DeyJpZCI6MzcxNiwidXJsIjoiaHR0cHM6XC9cL2JvbmlkZWUtaG9jaHplaXRzbW9kZS5jaFwvd3AtY29udGVudFwvdXBsb2Fkc1wvMjAyNVwvMDNcL2ltYWdlMDAyMTEuanBlZyIsInNsaWRlc2hvdyI6IjI3MjkxZGQ4In0%3D\">\n\t\t\t\t\t<div class=\"e-gallery-image elementor-gallery-item__image\" data-thumbnail=\"https:\/\/bonidee-hochzeitsmode.ch\/wp-content\/uploads\/2025\/03\/image00211-1090x1536.jpeg\" data-width=\"1090\" data-height=\"1536\" aria-label=\"Sab\u00e8 - Corfu\" role=\"img\" ><\/div>\n\t\t\t\t\t\t\t\t\t\t\t<div class=\"elementor-gallery-item__overlay\"><\/div>\n\t\t\t\t\t\t\t\t\t\t\t\t\t\t<\/a>\n\t\t\t\t\t\t\t<a class=\"e-gallery-item elementor-gallery-item elementor-animated-content\" href=\"https:\/\/bonidee-hochzeitsmode.ch\/wp-content\/uploads\/2025\/03\/image00214.jpeg\" data-elementor-open-lightbox=\"yes\" data-elementor-lightbox-slideshow=\"27291dd8\" data-elementor-lightbox-title=\"Sab\u00e8 - Amelia\" data-elementor-lightbox-description=\"Sab\u00e8 - Amelia\" data-e-action-hash=\"#elementor-action%3Aaction%3Dlightbox%26settings%3DeyJpZCI6MzcyMiwidXJsIjoiaHR0cHM6XC9cL2JvbmlkZWUtaG9jaHplaXRzbW9kZS5jaFwvd3AtY29udGVudFwvdXBsb2Fkc1wvMjAyNVwvMDNcL2ltYWdlMDAyMTQuanBlZyIsInNsaWRlc2hvdyI6IjI3MjkxZGQ4In0%3D\">\n\t\t\t\t\t<div class=\"e-gallery-image elementor-gallery-item__image\" data-thumbnail=\"https:\/\/bonidee-hochzeitsmode.ch\/wp-content\/uploads\/2025\/03\/image00214.jpeg\" data-width=\"1000\" data-height=\"1400\" aria-label=\"Sab\u00e8 - Amelia\" role=\"img\" ><\/div>\n\t\t\t\t\t\t\t\t\t\t\t<div class=\"elementor-gallery-item__overlay\"><\/div>\n\t\t\t\t\t\t\t\t\t\t\t\t\t\t<\/a>\n\t\t\t\t\t\t\t<a class=\"e-gallery-item elementor-gallery-item elementor-animated-content\" href=\"https:\/\/bonidee-hochzeitsmode.ch\/wp-content\/uploads\/2025\/03\/image00213.jpeg\" data-elementor-open-lightbox=\"yes\" data-elementor-lightbox-slideshow=\"27291dd8\" data-elementor-lightbox-title=\"Sab\u00e8 - Amelia\" data-e-action-hash=\"#elementor-action%3Aaction%3Dlightbox%26settings%3DeyJpZCI6MzcyMCwidXJsIjoiaHR0cHM6XC9cL2JvbmlkZWUtaG9jaHplaXRzbW9kZS5jaFwvd3AtY29udGVudFwvdXBsb2Fkc1wvMjAyNVwvMDNcL2ltYWdlMDAyMTMuanBlZyIsInNsaWRlc2hvdyI6IjI3MjkxZGQ4In0%3D\">\n\t\t\t\t\t<div class=\"e-gallery-image elementor-gallery-item__image\" data-thumbnail=\"https:\/\/bonidee-hochzeitsmode.ch\/wp-content\/uploads\/2025\/03\/image00213.jpeg\" data-width=\"1000\" data-height=\"1400\" aria-label=\"Sab\u00e8 - Amelia\" role=\"img\" ><\/div>\n\t\t\t\t\t\t\t\t\t\t\t<div class=\"elementor-gallery-item__overlay\"><\/div>\n\t\t\t\t\t\t\t\t\t\t\t\t\t\t<\/a>\n\t\t\t\t\t\t\t<a class=\"e-gallery-item elementor-gallery-item elementor-animated-content\" href=\"https:\/\/bonidee-hochzeitsmode.ch\/wp-content\/uploads\/2025\/03\/Adobe-Express-file-1.jpg\" data-elementor-open-lightbox=\"yes\" data-elementor-lightbox-slideshow=\"27291dd8\" data-elementor-lightbox-title=\"Sab\u00e8 - Guido\" data-e-action-hash=\"#elementor-action%3Aaction%3Dlightbox%26settings%3DeyJpZCI6MzcyOCwidXJsIjoiaHR0cHM6XC9cL2JvbmlkZWUtaG9jaHplaXRzbW9kZS5jaFwvd3AtY29udGVudFwvdXBsb2Fkc1wvMjAyNVwvMDNcL0Fkb2JlLUV4cHJlc3MtZmlsZS0xLmpwZyIsInNsaWRlc2hvdyI6IjI3MjkxZGQ4In0%3D\">\n\t\t\t\t\t<div class=\"e-gallery-image elementor-gallery-item__image\" data-thumbnail=\"https:\/\/bonidee-hochzeitsmode.ch\/wp-content\/uploads\/2025\/03\/Adobe-Express-file-1-1024x1536.jpg\" data-width=\"1024\" data-height=\"1536\" aria-label=\"Sab\u00e8 - Guido\" role=\"img\" ><\/div>\n\t\t\t\t\t\t\t\t\t\t\t<div class=\"elementor-gallery-item__overlay\"><\/div>\n\t\t\t\t\t\t\t\t\t\t\t\t\t\t<\/a>\n\t\t\t\t\t\t\t<a class=\"e-gallery-item elementor-gallery-item elementor-animated-content\" href=\"https:\/\/bonidee-hochzeitsmode.ch\/wp-content\/uploads\/2025\/03\/Adobe-Express-file.jpg\" data-elementor-open-lightbox=\"yes\" data-elementor-lightbox-slideshow=\"27291dd8\" data-elementor-lightbox-title=\"Sab\u00e8 - Guido\" data-e-action-hash=\"#elementor-action%3Aaction%3Dlightbox%26settings%3DeyJpZCI6MzczMCwidXJsIjoiaHR0cHM6XC9cL2JvbmlkZWUtaG9jaHplaXRzbW9kZS5jaFwvd3AtY29udGVudFwvdXBsb2Fkc1wvMjAyNVwvMDNcL0Fkb2JlLUV4cHJlc3MtZmlsZS5qcGciLCJzbGlkZXNob3ciOiIyNzI5MWRkOCJ9\">\n\t\t\t\t\t<div class=\"e-gallery-image elementor-gallery-item__image\" data-thumbnail=\"https:\/\/bonidee-hochzeitsmode.ch\/wp-content\/uploads\/2025\/03\/Adobe-Express-file-1024x1536.jpg\" data-width=\"1024\" data-height=\"1536\" aria-label=\"Sab\u00e8 - Guido\" role=\"img\" ><\/div>\n\t\t\t\t\t\t\t\t\t\t\t<div class=\"elementor-gallery-item__overlay\"><\/div>\n\t\t\t\t\t\t\t\t\t\t\t\t\t\t<\/a>\n\t\t\t\t\t<\/div>\n\t\t\t\t\t<\/div>\n\t\t\t\t<\/div>\n\t\t\t\t\t<\/div>\n\t\t\t\t<\/div>\n\t\t\t\t<\/div>\n\t\t","protected":false},"excerpt":{"rendered":"<p>Ton jour de r\u00eave dans ta robe de mari\u00e9e inoubliable de Sab\u00e8 Collection Sab\u00e8 Sab\u00e8 est une marque de robes de mari\u00e9e polonaise qui incarne l&rsquo;\u00e9l\u00e9gance et la f\u00e9minit\u00e9. Chaque cr\u00e9ation est le fruit d&rsquo;un savoir-faire familial, combinant des tissus de haute qualit\u00e9 avec une attention minutieuse aux d\u00e9tails. Les robes Sab\u00e8 se distinguent par [&hellip;]<\/p>\n","protected":false},"author":3,"featured_media":0,"parent":0,"menu_order":0,"comment_status":"closed","ping_status":"closed","template":"","meta":{"footnotes":""},"class_list":["post-3746","page","type-page","status-publish","hentry"],"yoast_head":"<!-- This site is optimized with the Yoast SEO plugin v27.0 - https:\/\/yoast.com\/product\/yoast-seo-wordpress\/ -->\n<title>Collection Sab\u00e8 - Bonidee Hochzeitsmode<\/title>\n<meta name=\"description\" content=\"D\u00e9couvrez l&#039;\u00e9l\u00e9gance des robes de mari\u00e9e Sab\u00e8 : un savoir-faire polonais alliant tradition et modernit\u00e9. Essayez-les d\u00e8s maintenant chez Bonidee !\" \/>\n<meta name=\"robots\" content=\"index, follow, max-snippet:-1, max-image-preview:large, max-video-preview:-1\" \/>\n<link rel=\"canonical\" href=\"https:\/\/bonidee-hochzeitsmode.ch\/kollektion-sabe\/\" \/>\n<meta property=\"og:locale\" content=\"fr_FR\" \/>\n<meta property=\"og:type\" content=\"article\" \/>\n<meta property=\"og:title\" content=\"Collection Sab\u00e8 - Bonidee Hochzeitsmode\" \/>\n<meta property=\"og:description\" content=\"D\u00e9couvrez l&#039;\u00e9l\u00e9gance des robes de mari\u00e9e Sab\u00e8 : un savoir-faire polonais alliant tradition et modernit\u00e9. Essayez-les d\u00e8s maintenant chez Bonidee !\" \/>\n<meta property=\"og:url\" content=\"https:\/\/bonidee-hochzeitsmode.ch\/kollektion-sabe\/\" \/>\n<meta property=\"og:site_name\" content=\"Bonidee Hochzeitsmode\" \/>\n<meta property=\"article:modified_time\" content=\"2025-08-30T08:45:49+00:00\" \/>\n<meta name=\"twitter:card\" content=\"summary_large_image\" \/>\n<meta name=\"twitter:label1\" content=\"Dur\u00e9e de lecture estim\u00e9e\" \/>\n\t<meta name=\"twitter:data1\" content=\"1 minute\" \/>\n<script type=\"application\/ld+json\" class=\"yoast-schema-graph\">{\"@context\":\"https:\/\/schema.org\",\"@graph\":[{\"@type\":\"WebPage\",\"@id\":\"https:\/\/bonidee-hochzeitsmode.ch\/kollektion-sabe\/\",\"url\":\"https:\/\/bonidee-hochzeitsmode.ch\/kollektion-sabe\/\",\"name\":\"Collection Sab\u00e8 - Bonidee Hochzeitsmode\",\"isPartOf\":{\"@id\":\"https:\/\/bonidee-hochzeitsmode.ch\/#website\"},\"datePublished\":\"2025-03-01T16:32:53+00:00\",\"dateModified\":\"2025-08-30T08:45:49+00:00\",\"description\":\"D\u00e9couvrez l'\u00e9l\u00e9gance des robes de mari\u00e9e Sab\u00e8 : un savoir-faire polonais alliant tradition et modernit\u00e9. Essayez-les d\u00e8s maintenant chez Bonidee !\",\"breadcrumb\":{\"@id\":\"https:\/\/bonidee-hochzeitsmode.ch\/kollektion-sabe\/#breadcrumb\"},\"inLanguage\":\"fr-FR\",\"potentialAction\":[{\"@type\":\"ReadAction\",\"target\":[\"https:\/\/bonidee-hochzeitsmode.ch\/kollektion-sabe\/\"]}]},{\"@type\":\"BreadcrumbList\",\"@id\":\"https:\/\/bonidee-hochzeitsmode.ch\/kollektion-sabe\/#breadcrumb\",\"itemListElement\":[{\"@type\":\"ListItem\",\"position\":1,\"name\":\"Home\",\"item\":\"https:\/\/bonidee-hochzeitsmode.ch\/\"},{\"@type\":\"ListItem\",\"position\":2,\"name\":\"Collection Sab\u00e8\"}]},{\"@type\":\"WebSite\",\"@id\":\"https:\/\/bonidee-hochzeitsmode.ch\/#website\",\"url\":\"https:\/\/bonidee-hochzeitsmode.ch\/\",\"name\":\"Bonidee Hochzeitsmode\",\"description\":\"Sch\u00f6ne Brautkleider f\u00fcr deinen perfekten Tag\",\"potentialAction\":[{\"@type\":\"SearchAction\",\"target\":{\"@type\":\"EntryPoint\",\"urlTemplate\":\"https:\/\/bonidee-hochzeitsmode.ch\/?s={search_term_string}\"},\"query-input\":{\"@type\":\"PropertyValueSpecification\",\"valueRequired\":true,\"valueName\":\"search_term_string\"}}],\"inLanguage\":\"fr-FR\"}]}<\/script>\n<!-- \/ Yoast SEO plugin. -->","yoast_head_json":{"title":"Collection Sab\u00e8 - Bonidee Hochzeitsmode","description":"D\u00e9couvrez l'\u00e9l\u00e9gance des robes de mari\u00e9e Sab\u00e8 : un savoir-faire polonais alliant tradition et modernit\u00e9. Essayez-les d\u00e8s maintenant chez Bonidee !","robots":{"index":"index","follow":"follow","max-snippet":"max-snippet:-1","max-image-preview":"max-image-preview:large","max-video-preview":"max-video-preview:-1"},"canonical":"https:\/\/bonidee-hochzeitsmode.ch\/kollektion-sabe\/","og_locale":"fr_FR","og_type":"article","og_title":"Collection Sab\u00e8 - Bonidee Hochzeitsmode","og_description":"D\u00e9couvrez l'\u00e9l\u00e9gance des robes de mari\u00e9e Sab\u00e8 : un savoir-faire polonais alliant tradition et modernit\u00e9. Essayez-les d\u00e8s maintenant chez Bonidee !","og_url":"https:\/\/bonidee-hochzeitsmode.ch\/kollektion-sabe\/","og_site_name":"Bonidee Hochzeitsmode","article_modified_time":"2025-08-30T08:45:49+00:00","twitter_card":"summary_large_image","twitter_misc":{"Dur\u00e9e de lecture estim\u00e9e":"1 minute"},"schema":{"@context":"https:\/\/schema.org","@graph":[{"@type":"WebPage","@id":"https:\/\/bonidee-hochzeitsmode.ch\/kollektion-sabe\/","url":"https:\/\/bonidee-hochzeitsmode.ch\/kollektion-sabe\/","name":"Collection Sab\u00e8 - Bonidee Hochzeitsmode","isPartOf":{"@id":"https:\/\/bonidee-hochzeitsmode.ch\/#website"},"datePublished":"2025-03-01T16:32:53+00:00","dateModified":"2025-08-30T08:45:49+00:00","description":"D\u00e9couvrez l'\u00e9l\u00e9gance des robes de mari\u00e9e Sab\u00e8 : un savoir-faire polonais alliant tradition et modernit\u00e9. Essayez-les d\u00e8s maintenant chez Bonidee !","breadcrumb":{"@id":"https:\/\/bonidee-hochzeitsmode.ch\/kollektion-sabe\/#breadcrumb"},"inLanguage":"fr-FR","potentialAction":[{"@type":"ReadAction","target":["https:\/\/bonidee-hochzeitsmode.ch\/kollektion-sabe\/"]}]},{"@type":"BreadcrumbList","@id":"https:\/\/bonidee-hochzeitsmode.ch\/kollektion-sabe\/#breadcrumb","itemListElement":[{"@type":"ListItem","position":1,"name":"Home","item":"https:\/\/bonidee-hochzeitsmode.ch\/"},{"@type":"ListItem","position":2,"name":"Collection Sab\u00e8"}]},{"@type":"WebSite","@id":"https:\/\/bonidee-hochzeitsmode.ch\/#website","url":"https:\/\/bonidee-hochzeitsmode.ch\/","name":"Bonidee Hochzeitsmode","description":"Sch\u00f6ne Brautkleider f\u00fcr deinen perfekten Tag","potentialAction":[{"@type":"SearchAction","target":{"@type":"EntryPoint","urlTemplate":"https:\/\/bonidee-hochzeitsmode.ch\/?s={search_term_string}"},"query-input":{"@type":"PropertyValueSpecification","valueRequired":true,"valueName":"search_term_string"}}],"inLanguage":"fr-FR"}]}},"_links":{"self":[{"href":"https:\/\/bonidee-hochzeitsmode.ch\/fr\/wp-json\/wp\/v2\/pages\/3746","targetHints":{"allow":["GET"]}}],"collection":[{"href":"https:\/\/bonidee-hochzeitsmode.ch\/fr\/wp-json\/wp\/v2\/pages"}],"about":[{"href":"https:\/\/bonidee-hochzeitsmode.ch\/fr\/wp-json\/wp\/v2\/types\/page"}],"author":[{"embeddable":true,"href":"https:\/\/bonidee-hochzeitsmode.ch\/fr\/wp-json\/wp\/v2\/users\/3"}],"replies":[{"embeddable":true,"href":"https:\/\/bonidee-hochzeitsmode.ch\/fr\/wp-json\/wp\/v2\/comments?post=3746"}],"version-history":[{"count":5,"href":"https:\/\/bonidee-hochzeitsmode.ch\/fr\/wp-json\/wp\/v2\/pages\/3746\/revisions"}],"predecessor-version":[{"id":4516,"href":"https:\/\/bonidee-hochzeitsmode.ch\/fr\/wp-json\/wp\/v2\/pages\/3746\/revisions\/4516"}],"wp:attachment":[{"href":"https:\/\/bonidee-hochzeitsmode.ch\/fr\/wp-json\/wp\/v2\/media?parent=3746"}],"curies":[{"name":"wp","href":"https:\/\/api.w.org\/{rel}","templated":true}]}}